{"id":1980,"date":"2023-05-20T14:02:35","date_gmt":"2023-05-20T10:02:35","guid":{"rendered":"https:\/\/sushitv.az\/?post_type=product&#038;p=1980"},"modified":"2025-01-25T19:54:12","modified_gmt":"2025-01-25T15:54:12","slug":"layt-set-36-%c9%99d%c9%99d","status":"publish","type":"product","link":"https:\/\/sushitv.az\/?product=layt-set-36-%c9%99d%c9%99d","title":{"rendered":"Y\u00fcng\u00fcl Set (36 \u0259d\u0259d)"},"content":{"rendered":"<p>Allergiya v\u0259 ya p\u0259hriz m\u0259hdudiyy\u0259tl\u0259ri varsa , restoran yem\u0259kl\u0259r haqq\u0131nda daha d\u0259qiq m\u0259lumat \u00fc\u00e7\u00fcn \u0259laq\u0259 saxlay\u0131n.<\/p>\n","protected":false},"excerpt":{"rendered":"<p><strong>Vegi maki (8 \u0259d\u0259d)<\/strong><\/p>\n<p>xiyar | su\u015fi d\u00fcy\u00fcs\u00fc | avakado | krem pendir| nori<\/p>\n<p><strong>Ebi hot (12 \u0259d\u0259d)<\/strong><\/p>\n<p>krevet | xiyar | krem pendir | tempura unu | ac\u0131l\u0131 sous<\/p>\n<p><strong>Filadelfia roll (8 \u0259d\u0259d)<\/strong><\/p>\n<p>his\u0259 verilmi\u015f q\u0131z\u0131l bal\u0131q | xiyar | krem pendir | k\u00fcnc\u00fct<\/p>\n<p><strong>Qreen dragon (8 \u0259d\u0259d)<\/strong><\/p>\n<p>krab | xiyar | krem pendir | ya\u015f\u0131l k\u00fcr\u00fc | ac\u0131l\u0131 sous<\/p>\n","protected":false},"featured_media":1981,"comment_status":"open","ping_status":"closed","template":"","meta":[],"product_cat":[17],"product_tag":[],"_links":{"self":[{"href":"https:\/\/sushitv.az\/index.php?rest_route=\/wp\/v2\/product\/1980"}],"collection":[{"href":"https:\/\/sushitv.az\/index.php?rest_route=\/wp\/v2\/product"}],"about":[{"href":"https:\/\/sushitv.az\/index.php?rest_route=\/wp\/v2\/types\/product"}],"replies":[{"embeddable":true,"href":"https:\/\/sushitv.az\/index.php?rest_route=%2Fwp%2Fv2%2Fcomments&post=1980"}],"wp:featuredmedia":[{"embeddable":true,"href":"https:\/\/sushitv.az\/index.php?rest_route=\/wp\/v2\/media\/1981"}],"wp:attachment":[{"href":"https:\/\/sushitv.az\/index.php?rest_route=%2Fwp%2Fv2%2Fmedia&parent=1980"}],"wp:term":[{"taxonomy":"product_cat","embeddable":true,"href":"https:\/\/sushitv.az\/index.php?rest_route=%2Fwp%2Fv2%2Fproduct_cat&post=1980"},{"taxonomy":"product_tag","embeddable":true,"href":"https:\/\/sushitv.az\/index.php?rest_route=%2Fwp%2Fv2%2Fproduct_tag&post=1980"}],"curies":[{"name":"wp","href":"https:\/\/api.w.org\/{rel}","templated":true}]}}