{"id":1984,"date":"2023-05-20T14:20:56","date_gmt":"2023-05-20T10:20:56","guid":{"rendered":"https:\/\/sushitv.az\/?post_type=product&#038;p=1984"},"modified":"2025-01-25T19:50:38","modified_gmt":"2025-01-25T15:50:38","slug":"hot-set-48-%c9%99d%c9%99d","status":"publish","type":"product","link":"https:\/\/sushitv.az\/?product=hot-set-48-%c9%99d%c9%99d","title":{"rendered":"\u0130sti Set (48 \u0259d\u0259d)"},"content":{"rendered":"<p>Allergiya v\u0259 ya p\u0259hriz m\u0259hdudiyy\u0259tl\u0259ri varsa , restoran yem\u0259kl\u0259r haqq\u0131nda daha d\u0259qiq m\u0259lumat \u00fc\u00e7\u00fcn \u0259laq\u0259 saxlay\u0131n.<\/p>\n","protected":false},"excerpt":{"rendered":"<p><strong>Kalifornia hot (12 \u0259d\u0259d)<\/strong><\/p>\n<p>krab | xiyar | avakado | yapon moyanezi | q\u0131rm\u0131z\u0131 k\u00fcr\u00fc | tempura unu<\/p>\n<p><strong>Filadelfia hot (12 \u0259d\u0259d)<\/strong><\/p>\n<p>his\u0259 verilmi\u015f q\u0131z\u0131l bal\u0131q | xiyar | krem pendir | tempura unu | k\u00fcnc\u00fct<\/p>\n<p><strong>Ebi hot (12 \u0259d\u0259d)<\/strong><\/p>\n<p>krevet | xiyar | krem pendir | tempura unu | ac\u0131l\u0131 sous<\/p>\n<p><strong>Tuna hot (12 \u0259d\u0259d)<\/strong><\/p>\n<p>tuna | xiyar | yapon moyanezi | tempura unu | ac\u0131l\u0131 sous<\/p>\n","protected":false},"featured_media":1985,"comment_status":"open","ping_status":"closed","template":"","meta":[],"product_cat":[17],"product_tag":[],"_links":{"self":[{"href":"https:\/\/sushitv.az\/index.php?rest_route=\/wp\/v2\/product\/1984"}],"collection":[{"href":"https:\/\/sushitv.az\/index.php?rest_route=\/wp\/v2\/product"}],"about":[{"href":"https:\/\/sushitv.az\/index.php?rest_route=\/wp\/v2\/types\/product"}],"replies":[{"embeddable":true,"href":"https:\/\/sushitv.az\/index.php?rest_route=%2Fwp%2Fv2%2Fcomments&post=1984"}],"wp:featuredmedia":[{"embeddable":true,"href":"https:\/\/sushitv.az\/index.php?rest_route=\/wp\/v2\/media\/1985"}],"wp:attachment":[{"href":"https:\/\/sushitv.az\/index.php?rest_route=%2Fwp%2Fv2%2Fmedia&parent=1984"}],"wp:term":[{"taxonomy":"product_cat","embeddable":true,"href":"https:\/\/sushitv.az\/index.php?rest_route=%2Fwp%2Fv2%2Fproduct_cat&post=1984"},{"taxonomy":"product_tag","embeddable":true,"href":"https:\/\/sushitv.az\/index.php?rest_route=%2Fwp%2Fv2%2Fproduct_tag&post=1984"}],"curies":[{"name":"wp","href":"https:\/\/api.w.org\/{rel}","templated":true}]}}