{"id":1986,"date":"2023-05-20T14:34:25","date_gmt":"2023-05-20T10:34:25","guid":{"rendered":"https:\/\/sushitv.az\/?post_type=product&#038;p=1986"},"modified":"2023-05-21T18:12:53","modified_gmt":"2023-05-21T14:12:53","slug":"biq-hot-set-60-%c9%99d%c9%99d","status":"publish","type":"product","link":"https:\/\/sushitv.az\/?product=biq-hot-set-60-%c9%99d%c9%99d","title":{"rendered":"B\u00f6y\u00fck \u0130sti Set (60 \u0259d\u0259d)"},"content":{"rendered":"<p>Allergiya v\u0259 ya p\u0259hriz m\u0259hdudiyy\u0259tl\u0259ri varsa , restoran yem\u0259kl\u0259r haqq\u0131nda daha d\u0259qiq m\u0259lumat \u00fc\u00e7\u00fcn \u0259laq\u0259 saxlay\u0131n.<\/p>\n","protected":false},"excerpt":{"rendered":"<p><strong>Vegi hot (12 \u0259d\u0259d)<\/strong><\/p>\n<p>avakado | xiyar | krem pendir | tempura unu | ya\u015f\u0131l so\u011fan | k\u00fcnc\u00fct<\/p>\n<p><strong>Kalifornia hot (12 \u0259d\u0259d)<\/strong><\/p>\n<p>krab | xiyar | avakado | yapon moyanezi | q\u0131rm\u0131z\u0131 k\u00fcr\u00fc | tempura unu<\/p>\n<p><strong>Kani hot (12 \u0259d\u0259d)<\/strong><\/p>\n<p>krab | xiyar | krem pendir | tempura unu | k\u00fcnc\u00fct | sous<\/p>\n<p><strong>Filadelfia hot (12 \u0259d\u0259d)<\/strong><\/p>\n<p>his\u0259 verilmi\u015f q\u0131z\u0131l bal\u0131q | xiyar | krem pendir | tempura unu | k\u00fcnc\u00fct<\/p>\n<p><strong>Ebi hot (12 \u0259d\u0259d)<\/strong><\/p>\n<p>krevet | xiyar | krem pendir | tempura unu | ac\u0131l\u0131 sous<\/p>\n","protected":false},"featured_media":1987,"comment_status":"open","ping_status":"closed","template":"","meta":[],"product_cat":[17],"product_tag":[],"_links":{"self":[{"href":"https:\/\/sushitv.az\/index.php?rest_route=\/wp\/v2\/product\/1986"}],"collection":[{"href":"https:\/\/sushitv.az\/index.php?rest_route=\/wp\/v2\/product"}],"about":[{"href":"https:\/\/sushitv.az\/index.php?rest_route=\/wp\/v2\/types\/product"}],"replies":[{"embeddable":true,"href":"https:\/\/sushitv.az\/index.php?rest_route=%2Fwp%2Fv2%2Fcomments&post=1986"}],"wp:featuredmedia":[{"embeddable":true,"href":"https:\/\/sushitv.az\/index.php?rest_route=\/wp\/v2\/media\/1987"}],"wp:attachment":[{"href":"https:\/\/sushitv.az\/index.php?rest_route=%2Fwp%2Fv2%2Fmedia&parent=1986"}],"wp:term":[{"taxonomy":"product_cat","embeddable":true,"href":"https:\/\/sushitv.az\/index.php?rest_route=%2Fwp%2Fv2%2Fproduct_cat&post=1986"},{"taxonomy":"product_tag","embeddable":true,"href":"https:\/\/sushitv.az\/index.php?rest_route=%2Fwp%2Fv2%2Fproduct_tag&post=1986"}],"curies":[{"name":"wp","href":"https:\/\/api.w.org\/{rel}","templated":true}]}}