{"id":2361,"date":"2023-05-21T15:27:18","date_gmt":"2023-05-21T11:27:18","guid":{"rendered":"https:\/\/sushitv.az\/?post_type=product&#038;p=2361"},"modified":"2024-05-07T23:50:33","modified_gmt":"2024-05-07T19:50:33","slug":"filadelfia-roll-8-%c9%99d%c9%99d","status":"publish","type":"product","link":"https:\/\/sushitv.az\/?product=filadelfia-roll-8-%c9%99d%c9%99d","title":{"rendered":"Filadelfia Roll (8 \u0259d\u0259d)"},"content":{"rendered":"<p>Allergiya v\u0259 ya p\u0259hriz m\u0259hdudiyy\u0259tl\u0259ri varsa , restoran yem\u0259kl\u0259r haqq\u0131nda daha d\u0259qiq m\u0259lumat \u00fc\u00e7\u00fcn \u0259laq\u0259 saxlay\u0131n.<\/p>\n","protected":false},"excerpt":{"rendered":"<p><strong>T\u0259rkibi<\/strong><\/p>\n<p>q\u0131z\u0131l bal\u0131q | krevet | unagi | + i\u00e7i xiyar | krem pendir | nari | k\u00fcnc\u00fct<\/p>\n","protected":false},"featured_media":2392,"comment_status":"open","ping_status":"closed","template":"","meta":[],"product_cat":[21],"product_tag":[],"_links":{"self":[{"href":"https:\/\/sushitv.az\/index.php?rest_route=\/wp\/v2\/product\/2361"}],"collection":[{"href":"https:\/\/sushitv.az\/index.php?rest_route=\/wp\/v2\/product"}],"about":[{"href":"https:\/\/sushitv.az\/index.php?rest_route=\/wp\/v2\/types\/product"}],"replies":[{"embeddable":true,"href":"https:\/\/sushitv.az\/index.php?rest_route=%2Fwp%2Fv2%2Fcomments&post=2361"}],"wp:featuredmedia":[{"embeddable":true,"href":"https:\/\/sushitv.az\/index.php?rest_route=\/wp\/v2\/media\/2392"}],"wp:attachment":[{"href":"https:\/\/sushitv.az\/index.php?rest_route=%2Fwp%2Fv2%2Fmedia&parent=2361"}],"wp:term":[{"taxonomy":"product_cat","embeddable":true,"href":"https:\/\/sushitv.az\/index.php?rest_route=%2Fwp%2Fv2%2Fproduct_cat&post=2361"},{"taxonomy":"product_tag","embeddable":true,"href":"https:\/\/sushitv.az\/index.php?rest_route=%2Fwp%2Fv2%2Fproduct_tag&post=2361"}],"curies":[{"name":"wp","href":"https:\/\/api.w.org\/{rel}","templated":true}]}}