{"id":2421,"date":"2023-05-21T19:11:50","date_gmt":"2023-05-21T15:11:50","guid":{"rendered":"https:\/\/sushitv.az\/?post_type=product&#038;p=2421"},"modified":"2023-08-16T20:44:44","modified_gmt":"2023-08-16T16:44:44","slug":"toyuqlu-ramen-sorbasi","status":"publish","type":"product","link":"https:\/\/sushitv.az\/?product=toyuqlu-ramen-sorbasi","title":{"rendered":"Toyuqlu Ramen \u015eorbas\u0131"},"content":{"rendered":"<p>Allergiya v\u0259 ya p\u0259hriz m\u0259hdudiyy\u0259tl\u0259ri varsa , restoran yem\u0259kl\u0259r haqq\u0131nda daha d\u0259qiq m\u0259lumat \u00fc\u00e7\u00fcn \u0259laq\u0259 saxlay\u0131n.<\/p>\n","protected":false},"excerpt":{"rendered":"<p><strong>T\u0259rkibi<\/strong><\/p>\n<p>misa pasta | toyuq \u0259ti | \u0259ri\u015ft\u0259 | ya\u015f\u0131l so\u011fan | ac\u0131l\u0131 sous | g\u00f6b\u0259l\u0259k | k\u00fcnc\u00fct<\/p>\n","protected":false},"featured_media":2417,"comment_status":"open","ping_status":"closed","template":"","meta":[],"product_cat":[131],"product_tag":[],"_links":{"self":[{"href":"https:\/\/sushitv.az\/index.php?rest_route=\/wp\/v2\/product\/2421"}],"collection":[{"href":"https:\/\/sushitv.az\/index.php?rest_route=\/wp\/v2\/product"}],"about":[{"href":"https:\/\/sushitv.az\/index.php?rest_route=\/wp\/v2\/types\/product"}],"replies":[{"embeddable":true,"href":"https:\/\/sushitv.az\/index.php?rest_route=%2Fwp%2Fv2%2Fcomments&post=2421"}],"wp:featuredmedia":[{"embeddable":true,"href":"https:\/\/sushitv.az\/index.php?rest_route=\/wp\/v2\/media\/2417"}],"wp:attachment":[{"href":"https:\/\/sushitv.az\/index.php?rest_route=%2Fwp%2Fv2%2Fmedia&parent=2421"}],"wp:term":[{"taxonomy":"product_cat","embeddable":true,"href":"https:\/\/sushitv.az\/index.php?rest_route=%2Fwp%2Fv2%2Fproduct_cat&post=2421"},{"taxonomy":"product_tag","embeddable":true,"href":"https:\/\/sushitv.az\/index.php?rest_route=%2Fwp%2Fv2%2Fproduct_tag&post=2421"}],"curies":[{"name":"wp","href":"https:\/\/api.w.org\/{rel}","templated":true}]}}