{"id":2679,"date":"2025-01-30T00:11:43","date_gmt":"2025-01-29T20:11:43","guid":{"rendered":"https:\/\/sushitv.az\/?post_type=product&#038;p=2679"},"modified":"2025-02-03T23:21:28","modified_gmt":"2025-02-03T19:21:28","slug":"s-set-20-%c9%99d%c9%99d-kocur","status":"publish","type":"product","link":"https:\/\/sushitv.az\/?product=s-set-20-%c9%99d%c9%99d-kocur","title":{"rendered":"S Set (20 \u0259d\u0259d)"},"content":{"rendered":"<p><img decoding=\"async\" loading=\"lazy\" class=\"alignnone size-medium wp-image-2685\" src=\"https:\/\/sushitv.az\/wp-content\/uploads\/2025\/01\/WhatsApp-Image-2025-01-29-at-18.11.01-1-300x300.jpeg\" alt=\"\" width=\"300\" height=\"300\" \/>Allergiya v\u0259 ya p\u0259hriz m\u0259hdudiyy\u0259tl\u0259ri varsa , restoran yem\u0259kl\u0259r haqq\u0131nda daha d\u0259qiq m\u0259lumat \u00fc\u00e7\u00fcn \u0259laq\u0259 saxlay\u0131n.<\/p>\n","protected":false},"excerpt":{"rendered":"<p>&nbsp;<\/p>\n<p><strong>Kani hot<\/strong><\/p>\n<p>krab | xiyar| krem pendir | tempura unu | k\u00fcnc\u00fct | sous<\/p>\n<p><strong>Filadelfia hot<\/strong><\/p>\n<p>his\u0259 verilmi\u015f q\u0131z\u0131l bal\u0131q | su\u015fi d\u00fcy\u00fcs\u00fc | xiyar | krem pendir | nari | tempura unu | k\u00fcnc\u00fct<\/p>\n","protected":false},"featured_media":2685,"comment_status":"open","ping_status":"closed","template":"","meta":[],"product_cat":[17],"product_tag":[],"_links":{"self":[{"href":"https:\/\/sushitv.az\/index.php?rest_route=\/wp\/v2\/product\/2679"}],"collection":[{"href":"https:\/\/sushitv.az\/index.php?rest_route=\/wp\/v2\/product"}],"about":[{"href":"https:\/\/sushitv.az\/index.php?rest_route=\/wp\/v2\/types\/product"}],"replies":[{"embeddable":true,"href":"https:\/\/sushitv.az\/index.php?rest_route=%2Fwp%2Fv2%2Fcomments&post=2679"}],"wp:featuredmedia":[{"embeddable":true,"href":"https:\/\/sushitv.az\/index.php?rest_route=\/wp\/v2\/media\/2685"}],"wp:attachment":[{"href":"https:\/\/sushitv.az\/index.php?rest_route=%2Fwp%2Fv2%2Fmedia&parent=2679"}],"wp:term":[{"taxonomy":"product_cat","embeddable":true,"href":"https:\/\/sushitv.az\/index.php?rest_route=%2Fwp%2Fv2%2Fproduct_cat&post=2679"},{"taxonomy":"product_tag","embeddable":true,"href":"https:\/\/sushitv.az\/index.php?rest_route=%2Fwp%2Fv2%2Fproduct_tag&post=2679"}],"curies":[{"name":"wp","href":"https:\/\/api.w.org\/{rel}","templated":true}]}}